{"id":12,"date":"2020-11-24T12:25:12","date_gmt":"2020-11-24T12:25:12","guid":{"rendered":"https:\/\/gsptaucher.wordpress.com\/?page_id=8"},"modified":"2024-07-20T09:11:33","modified_gmt":"2024-07-20T09:11:33","slug":"contact","status":"publish","type":"page","link":"https:\/\/gersprenztaucher.de\/?page_id=12","title":{"rendered":"Kontakt"},"content":{"rendered":"\n<div style=\"height:32px\" aria-hidden=\"true\" class=\"wp-block-spacer desktop-only\"><\/div>\n\n\n\n<div class=\"wp-block-columns alignwide has-2-columns is-layout-flex wp-container-core-columns-is-layout-9d6595d7 wp-block-columns-is-layout-flex\">\n<div class=\"wp-block-column is-layout-flow wp-block-column-is-layout-flow\">\n<h2 class=\"wp-block-heading has-text-align-left\">Kontakt<\/h2>\n\n\n\n<p>TSV M\u00fcnster<br>64839 M\u00fcnster<br><a href=\"mailto:info@gersprenztaucher.de\">info@gersprenztaucher.de<\/a><\/p>\n<\/div>\n\n\n\n<div class=\"wp-block-column is-layout-flow wp-block-column-is-layout-flow\">\n<h2 class=\"wp-block-heading has-text-align-left\">Sende uns eine Nachricht<\/h2>\n\n\n\n<p>Gerne kann mit uns \u00fcber die neben stehende Mailadresse kontakt aufgenommen werden<\/p>\n<\/div>\n<\/div>\n\n\n\n<p><\/p>\n","protected":false},"excerpt":{"rendered":"<p>Kontakt TSV M\u00fcnster64839 M\u00fcnsterinfo@gersprenztaucher.de Sende uns eine Nachricht Gerne kann mit uns \u00fcber die neben stehende Mailadresse kontakt aufgenommen werden<\/p>\n","protected":false},"author":3,"featured_media":0,"parent":0,"menu_order":4,"comment_status":"closed","ping_status":"closed","template":"","meta":{"ngg_post_thumbnail":0,"footnotes":""},"class_list":["post-12","page","type-page","status-publish","hentry","entry"],"_links":{"self":[{"href":"https:\/\/gersprenztaucher.de\/index.php?rest_route=\/wp\/v2\/pages\/12","targetHints":{"allow":["GET"]}}],"collection":[{"href":"https:\/\/gersprenztaucher.de\/index.php?rest_route=\/wp\/v2\/pages"}],"about":[{"href":"https:\/\/gersprenztaucher.de\/index.php?rest_route=\/wp\/v2\/types\/page"}],"author":[{"embeddable":true,"href":"https:\/\/gersprenztaucher.de\/index.php?rest_route=\/wp\/v2\/users\/3"}],"replies":[{"embeddable":true,"href":"https:\/\/gersprenztaucher.de\/index.php?rest_route=%2Fwp%2Fv2%2Fcomments&post=12"}],"version-history":[{"count":4,"href":"https:\/\/gersprenztaucher.de\/index.php?rest_route=\/wp\/v2\/pages\/12\/revisions"}],"predecessor-version":[{"id":955,"href":"https:\/\/gersprenztaucher.de\/index.php?rest_route=\/wp\/v2\/pages\/12\/revisions\/955"}],"wp:attachment":[{"href":"https:\/\/gersprenztaucher.de\/index.php?rest_route=%2Fwp%2Fv2%2Fmedia&parent=12"}],"curies":[{"name":"wp","href":"https:\/\/api.w.org\/{rel}","templated":true}]}}