{"id":11,"date":"2020-11-24T12:25:13","date_gmt":"2020-11-24T12:25:13","guid":{"rendered":"https:\/\/gsptaucher.wordpress.com\/?page_id=7"},"modified":"2022-11-03T09:16:16","modified_gmt":"2022-11-03T09:16:16","slug":"blog","status":"publish","type":"page","link":"https:\/\/gersprenztaucher.de\/?page_id=11","title":{"rendered":"Verein"},"content":{"rendered":"\n<figure class=\"wp-block-image size-large\"><img loading=\"lazy\" decoding=\"async\" width=\"1371\" height=\"1030\" src=\"https:\/\/gersprenztaucher.de\/wp-content\/uploads\/2020\/11\/tauchtag-reinheim.jpg?w=1024\" alt=\"\" class=\"wp-image-141\" srcset=\"https:\/\/gersprenztaucher.de\/wp-content\/uploads\/2020\/11\/tauchtag-reinheim.jpg 1371w, https:\/\/gersprenztaucher.de\/wp-content\/uploads\/2020\/11\/tauchtag-reinheim-300x225.jpg 300w, https:\/\/gersprenztaucher.de\/wp-content\/uploads\/2020\/11\/tauchtag-reinheim-1024x769.jpg 1024w, https:\/\/gersprenztaucher.de\/wp-content\/uploads\/2020\/11\/tauchtag-reinheim-768x577.jpg 768w\" sizes=\"auto, (max-width: 1371px) 100vw, 1371px\" \/><\/figure>\n\n\n\n<hr class=\"wp-block-separator has-css-opacity alignwide\"\/>\n\n\n\n<h2 class=\"alignwide wp-block-heading\"><strong>Leistungen<\/strong><\/h2>\n\n\n\n<ul class=\"wp-block-list\"><li>Flaschenf\u00fcllungen bei den Vereinstagestouren und Training werden vom Verein bezahlt<\/li><li>Eintrittsgelder zu Trainingszwecken ins Hallenbad<\/li><li>Eintrittsgelder zu Trainingszwecken ins Freibad<\/li><li>Bei vereinsinterner Ausbildung werden die Brevetkosten \u00fcbernommen.<\/li><li>Reisezusch\u00fcsse bei den Vereinsfahrten<\/li><li>Mitgliedschaft in den Tauchverb\u00e4nden VDST und LSB<\/li><li>Versicherungsschutz<\/li><li>Trainingsanspruch besteht ab dem Alter von 8 Jahren.<\/li><\/ul>\n\n\n\n<hr class=\"wp-block-separator has-css-opacity alignwide is-style-wide\"\/>\n\n\n\n<h2 class=\"alignwide wp-block-heading\">Bankverbindung<\/h2>\n\n\n\n<p>Frankfurter Volksbank eG<br>IBAN DE82 5019 0000 0007 6762 04<br>BIC FFVBDEFF<br>Vereinsnummer: VDST 06 \/ 4191<\/p>\n\n\n\n<hr class=\"wp-block-separator has-css-opacity alignwide is-style-wide\"\/>\n\n\n\n<h2 class=\"alignwide wp-block-heading\">Beitragsliste ab 2015<\/h2>\n\n\n\n<h3 class=\"wp-block-heading\">Aktive Mitglieder<\/h3>\n\n\n\n<p><strong>einmalige Aufnahmegeb\u00fchr<\/strong><\/p>\n\n\n\n<ul class=\"wp-block-list\"><li>Kleinkinder ( 0 &#8211; 7 Jahre ) keine<\/li><li>Kinder ( 8 &#8211; 13 Jahre ) keine<\/li><li>Jugendliche ( 14 &#8211; 17 Jahre ) keine<\/li><li>Erwachsene ( ab 18 Jahre ) 110 EU<\/li><\/ul>\n\n\n\n<p>Jede Mitgliedschaft im TSVM ist eine Probemitgliedschaft, begrenzt auf maximal 1 Jahr. Per Vorstandsbeschluss kann die Probemitgliedschaft jederzeit in eine Vollmitgliedschaft umgewandelt werden. <br>Die Aufnahmegeb\u00fchr ist am Tage der Aufnahme zur Vollmitgliedschaft f\u00e4llig. (gilt nicht f\u00fcr Einwohner der Gemeinde M\u00fcnster)<\/p>\n\n\n\n<p><strong>Jahresbeitrag, zahlbar 1x im Jahr per Bankeinzug (im Voraus)<\/strong><\/p>\n\n\n\n<ul class=\"wp-block-list\"><li>Kleinkinder ( 0 &#8211; 7 Jahre ) beitragsfrei<\/li><li>Kinder ( 8 &#8211; 13 Jahre ) 40 EUR\/ Jahr<\/li><li>Jugendliche ( 14 &#8211; 17 Jahre ) 65 EUR\/ Jahr<\/li><li>Erwachsene (ab 18 Jahre) 113 EUR\/ Jahr<\/li><li>Familie ( 2 Personen) 180 EUR\/ Jahr<\/li><li>Familie ( 3 und mehr Personen) 219 EUR\/ Jahr<\/li><\/ul>\n\n\n\n<p>Kinder zahlen ab dem Vereinsjahr, in dem sie 14 Jahre alt werden den Jugendbeitrag.<br>Jugendliche zahlen ab dem Vereinsjahr, in dem sie 18 Jahre alt werden, den Erwachsenenbeitrag.<br>Kinder geh\u00f6ren f\u00fcr die Zeit ihrer Ausbildung (Schule, Lehre, Studium) zur Familie, l\u00e4ngstens bis zum 25. Geburtstag. Voraussetzung ist die Vorlage eines entsprechenden Nachweises. Danach gilt f\u00fcr sie die Einzelmitgliedschaft als Vollzahler.<br>Jugendliche Einzelmitglieder zahlen ab 18 weiterhin den Beitrag von zur Zeit 65 Euro, l\u00e4ngstens bis zum 25. Geburtstag, wenn sie einen Nachweis \u00fcber Schule, Studium, Ausbildung vorlegen.<br>Mitglieder, die in einer h\u00e4uslichen Gemeinschaft leben, zahlen unabh\u00e4ngig vom Familienstand den entsprechenden Familienbeitrag.<\/p>\n\n\n\n<h3 class=\"wp-block-heading\">Passive Mitglieder<\/h3>\n\n\n\n<p>Es wird keine einmalige Aufnahmegeb\u00fchr erhoben.<br>F\u00fcr jedes Jahr der passiven Mitgliedschaft entfallen 20 % der jeweils g\u00fcltigen Aufnahmegeb\u00fchr, wenn eine passive Mitgliedschaft in eine aktive Mitgliedschaft umgewandelt wird.<\/p>\n\n\n\n<p>Jahresbeitrag, zahlbar 1 x im Jahr , per Bankeinzug (im Voraus)<\/p>\n\n\n\n<ul class=\"wp-block-list\"><li>je Mitglied ( altersunabh\u00e4ngig)&nbsp;36 EUR\/ Jahr<\/li><\/ul>\n\n\n\n<hr class=\"wp-block-separator has-css-opacity alignwide is-style-wide\"\/>\n\n\n\n<h2 class=\"alignwide wp-block-heading\">Downloads<\/h2>\n\n\n\n<div class=\"wp-block-group is-style-default\"><div class=\"wp-block-group__inner-container is-layout-flow wp-block-group-is-layout-flow\">\n<div class=\"wp-block-file\"><a id=\"wp-block-file--media-a314b1b5-010a-431d-9391-fe6f8690534f\" href=\"https:\/\/gersprenztaucher.de\/wp-content\/uploads\/2022\/04\/Aufnahmeantrag-2022.pdf\">Aufnahmeantrag-2022<\/a><a href=\"https:\/\/gersprenztaucher.de\/wp-content\/uploads\/2022\/04\/Aufnahmeantrag-2022.pdf\" class=\"wp-block-file__button\" download aria-describedby=\"wp-block-file--media-a314b1b5-010a-431d-9391-fe6f8690534f\">Herunterladen<\/a><\/div>\n\n\n\n<div class=\"wp-block-file\"><a id=\"wp-block-file--media-cb5f8c75-bed4-4931-bd61-43a5b232f128\" href=\"https:\/\/gersprenztaucher.de\/wp-content\/uploads\/2022\/04\/Aenderungsantrag-2022.pdf\">Aenderungsantrag-2022<\/a><a href=\"https:\/\/gersprenztaucher.de\/wp-content\/uploads\/2022\/04\/Aenderungsantrag-2022.pdf\" class=\"wp-block-file__button\" download aria-describedby=\"wp-block-file--media-cb5f8c75-bed4-4931-bd61-43a5b232f128\">Herunterladen<\/a><\/div>\n\n\n\n<div class=\"wp-block-file\"><a id=\"wp-block-file--media-4802ba68-3d00-4e27-9080-29f384853f9e\" href=\"https:\/\/gersprenztaucher.de\/wp-content\/uploads\/2022\/04\/sepa-kombi-mandat-2022.pdf\">sepa-kombi-mandat-2022<\/a><a href=\"https:\/\/gersprenztaucher.de\/wp-content\/uploads\/2022\/04\/sepa-kombi-mandat-2022.pdf\" class=\"wp-block-file__button\" download aria-describedby=\"wp-block-file--media-4802ba68-3d00-4e27-9080-29f384853f9e\">Herunterladen<\/a><\/div>\n<\/div><\/div>\n\n\n\n<div class=\"wp-block-file\"><a id=\"wp-block-file--media-a2c62dc4-1980-49f3-9724-b1ae018902a4\" href=\"https:\/\/gersprenztaucher.de\/wp-content\/uploads\/2020\/11\/anmeldung-schnuppertauchen.pdf\">anmeldung-schnuppertauchen<\/a><a href=\"https:\/\/gersprenztaucher.de\/wp-content\/uploads\/2020\/11\/anmeldung-schnuppertauchen.pdf\" class=\"wp-block-file__button\" download aria-describedby=\"wp-block-file--media-a2c62dc4-1980-49f3-9724-b1ae018902a4\">Herunterladen<\/a><\/div>\n\n\n\n<div class=\"wp-block-file\"><a id=\"wp-block-file--media-2301d3bd-879e-4b3c-8e1e-3170a25bf4a7\" href=\"https:\/\/gersprenztaucher.de\/wp-content\/uploads\/2021\/02\/Satzung-2020-final.pdf\">Satzung 2020 final<\/a><a href=\"https:\/\/gersprenztaucher.de\/wp-content\/uploads\/2021\/02\/Satzung-2020-final.pdf\" class=\"wp-block-file__button\" download aria-describedby=\"wp-block-file--media-2301d3bd-879e-4b3c-8e1e-3170a25bf4a7\">Herunterladen<\/a><\/div>\n\n\n\n<p><\/p>\n","protected":false},"excerpt":{"rendered":"<p>Leistungen Flaschenf\u00fcllungen bei den Vereinstagestouren und Training werden vom Verein bezahlt Eintrittsgelder zu Trainingszwecken ins Hallenbad Eintrittsgelder zu Trainingszwecken ins Freibad Bei vereinsinterner Ausbildung werden die Brevetkosten \u00fcbernommen. Reisezusch\u00fcsse bei den Vereinsfahrten Mitgliedschaft in den Tauchverb\u00e4nden VDST und LSB Versicherungsschutz Trainingsanspruch besteht ab dem Alter von 8 Jahren. Bankverbindung Frankfurter Volksbank eGIBAN DE82 5019 0000&hellip; <a class=\"more-link\" href=\"https:\/\/gersprenztaucher.de\/?page_id=11\"><span class=\"screen-reader-text\">Verein<\/span> weiterlesen<\/a><\/p>\n","protected":false},"author":3,"featured_media":0,"parent":0,"menu_order":2,"comment_status":"closed","ping_status":"closed","template":"","meta":{"ngg_post_thumbnail":0,"footnotes":""},"class_list":["post-11","page","type-page","status-publish","hentry","entry"],"_links":{"self":[{"href":"https:\/\/gersprenztaucher.de\/index.php?rest_route=\/wp\/v2\/pages\/11","targetHints":{"allow":["GET"]}}],"collection":[{"href":"https:\/\/gersprenztaucher.de\/index.php?rest_route=\/wp\/v2\/pages"}],"about":[{"href":"https:\/\/gersprenztaucher.de\/index.php?rest_route=\/wp\/v2\/types\/page"}],"author":[{"embeddable":true,"href":"https:\/\/gersprenztaucher.de\/index.php?rest_route=\/wp\/v2\/users\/3"}],"replies":[{"embeddable":true,"href":"https:\/\/gersprenztaucher.de\/index.php?rest_route=%2Fwp%2Fv2%2Fcomments&post=11"}],"version-history":[{"count":6,"href":"https:\/\/gersprenztaucher.de\/index.php?rest_route=\/wp\/v2\/pages\/11\/revisions"}],"predecessor-version":[{"id":742,"href":"https:\/\/gersprenztaucher.de\/index.php?rest_route=\/wp\/v2\/pages\/11\/revisions\/742"}],"wp:attachment":[{"href":"https:\/\/gersprenztaucher.de\/index.php?rest_route=%2Fwp%2Fv2%2Fmedia&parent=11"}],"curies":[{"name":"wp","href":"https:\/\/api.w.org\/{rel}","templated":true}]}}